{"id":25,"date":"2023-12-06T07:52:34","date_gmt":"2023-12-06T07:52:34","guid":{"rendered":"https:\/\/fontbonne.elab-formations.com\/?page_id=25"},"modified":"2024-03-20T21:01:31","modified_gmt":"2024-03-20T21:01:31","slug":"la-famille","status":"publish","type":"page","link":"https:\/\/chateau-fontbonne.fr\/en\/la-famille\/","title":{"rendered":"The family"},"content":{"rendered":"<div data-elementor-type=\"wp-page\" data-elementor-id=\"25\" class=\"elementor elementor-25\" data-elementor-post-type=\"page\">\n\t\t\t\t\t\t\t<div class=\"elementor-element elementor-element-e08c64d e-flex e-con-boxed e-con e-parent\" data-id=\"e08c64d\" data-element_type=\"container\" data-settings=\"{&quot;background_background&quot;:&quot;classic&quot;,&quot;background_motion_fx_motion_fx_scrolling&quot;:&quot;yes&quot;,&quot;shape_divider_top&quot;:&quot;triangle&quot;,&quot;container_type&quot;:&quot;flex&quot;,&quot;content_width&quot;:&quot;boxed&quot;,&quot;background_motion_fx_devices&quot;:[&quot;desktop&quot;,&quot;tablet&quot;,&quot;mobile&quot;]}\" data-e-bg-lazyload=\"\" data-core-v316-plus=\"true\">\n\t\t\t\t\t<div class=\"e-con-inner\">\n\t\t\t\t<div class=\"elementor-shape elementor-shape-top\" data-negative=\"false\">\n\t\t\t<svg xmlns=\"http:\/\/www.w3.org\/2000\/svg\" viewbox=\"0 0 1000 100\" preserveaspectratio=\"none\">\n\t<path class=\"elementor-shape-fill\" d=\"M500,98.9L0,6.1V0h1000v6.1L500,98.9z\"\/>\n<\/svg>\t\t<\/div>\n\t\t\t\t<div class=\"elementor-element elementor-element-2cb97b7 elementor-invisible elementor-widget elementor-widget-heading\" data-id=\"2cb97b7\" data-element_type=\"widget\" data-settings=\"{&quot;_animation&quot;:&quot;fadeIn&quot;}\" data-widget_type=\"heading.default\">\n\t\t\t\t<div class=\"elementor-widget-container\">\n\t\t\t<style>\/*! elementor - v3.18.0 - 20-12-2023 *\/\n.elementor-heading-title{padding:0;margin:0;line-height:1}.elementor-widget-heading .elementor-heading-title[class*=elementor-size-]>a{color:inherit;font-size:inherit;line-height:inherit}.elementor-widget-heading .elementor-heading-title.elementor-size-small{font-size:15px}.elementor-widget-heading .elementor-heading-title.elementor-size-medium{font-size:19px}.elementor-widget-heading .elementor-heading-title.elementor-size-large{font-size:29px}.elementor-widget-heading .elementor-heading-title.elementor-size-xl{font-size:39px}.elementor-widget-heading .elementor-heading-title.elementor-size-xxl{font-size:59px}<\/style><h1 class=\"elementor-heading-title elementor-size-default\">The family<\/h1>\t\t<\/div>\n\t\t\t\t<\/div>\n\t\t\t\t\t<\/div>\n\t\t\t\t<\/div>\n\t\t<div class=\"elementor-element elementor-element-12c4849 e-flex e-con-boxed e-con e-parent\" data-id=\"12c4849\" data-element_type=\"container\" data-settings=\"{&quot;container_type&quot;:&quot;flex&quot;,&quot;content_width&quot;:&quot;boxed&quot;}\" data-core-v316-plus=\"true\">\n\t\t\t\t\t<div class=\"e-con-inner\">\n\t\t\t\t<div class=\"elementor-element elementor-element-80f38db elementor-widget elementor-widget-image\" data-id=\"80f38db\" data-element_type=\"widget\" data-widget_type=\"image.default\">\n\t\t\t\t<div class=\"elementor-widget-container\">\n\t\t\t<style>\/*! elementor - v3.18.0 - 20-12-2023 *\/\n.elementor-widget-image{text-align:center}.elementor-widget-image a{display:inline-block}.elementor-widget-image a img[src$=\".svg\"]{width:48px}.elementor-widget-image img{vertical-align:middle;display:inline-block}<\/style>\t\t\t\t\t\t\t\t\t\t\t\t<img fetchpriority=\"high\" decoding=\"async\" width=\"800\" height=\"534\" src=\"https:\/\/chateau-fontbonne.fr\/wp-content\/uploads\/2023\/12\/IMG_6163-1024x683.jpg\" class=\"attachment-large size-large wp-image-140\" alt=\"\" srcset=\"https:\/\/chateau-fontbonne.fr\/wp-content\/uploads\/2023\/12\/IMG_6163-1024x683.jpg 1024w, https:\/\/chateau-fontbonne.fr\/wp-content\/uploads\/2023\/12\/IMG_6163-600x400.jpg 600w, https:\/\/chateau-fontbonne.fr\/wp-content\/uploads\/2023\/12\/IMG_6163-300x200.jpg 300w, https:\/\/chateau-fontbonne.fr\/wp-content\/uploads\/2023\/12\/IMG_6163-768x512.jpg 768w, https:\/\/chateau-fontbonne.fr\/wp-content\/uploads\/2023\/12\/IMG_6163-1536x1024.jpg 1536w, https:\/\/chateau-fontbonne.fr\/wp-content\/uploads\/2023\/12\/IMG_6163-2048x1365.jpg 2048w\" sizes=\"(max-width: 800px) 100vw, 800px\" \/>\t\t\t\t\t\t\t\t\t\t\t\t\t\t\t<\/div>\n\t\t\t\t<\/div>\n\t\t\t\t<div class=\"elementor-element elementor-element-4609cea elementor-invisible elementor-widget elementor-widget-heading\" data-id=\"4609cea\" data-element_type=\"widget\" data-settings=\"{&quot;_animation&quot;:&quot;fadeIn&quot;}\" data-widget_type=\"heading.default\">\n\t\t\t\t<div class=\"elementor-widget-container\">\n\t\t\t<h2 class=\"elementor-heading-title elementor-size-default\">Philippe <\/h2>\t\t<\/div>\n\t\t\t\t<\/div>\n\t\t\t\t<div class=\"elementor-element elementor-element-f72137a elementor-widget elementor-widget-text-editor\" data-id=\"f72137a\" data-element_type=\"widget\" data-widget_type=\"text-editor.default\">\n\t\t\t\t<div class=\"elementor-widget-container\">\n\t\t\t<style>\/*! elementor - v3.18.0 - 20-12-2023 *\/\n.elementor-widget-text-editor.elementor-drop-cap-view-stacked .elementor-drop-cap{background-color:#69727d;color:#fff}.elementor-widget-text-editor.elementor-drop-cap-view-framed .elementor-drop-cap{color:#69727d;border:3px solid;background-color:transparent}.elementor-widget-text-editor:not(.elementor-drop-cap-view-default) .elementor-drop-cap{margin-top:8px}.elementor-widget-text-editor:not(.elementor-drop-cap-view-default) .elementor-drop-cap-letter{width:1em;height:1em}.elementor-widget-text-editor .elementor-drop-cap{float:left;text-align:center;line-height:1;font-size:50px}.elementor-widget-text-editor .elementor-drop-cap-letter{display:inline-block}<\/style>\t\t\t\t<p><span style=\"font-weight: 400;\">Current owner of Ch\u00e2teau Fontbonne, he hasn't always worked in wine. He began his career between the ages of 16 and 18 with a CAP (vocational training certificate) in butchery, before joining a wholesale livestock and meat trading company as a buyer\/seller. Following this experience, he moved to the Toulouse area to join a company selling wine to private individuals. As an only child, and with a wealth of experience behind him, he joined the family estate on his father's side. The company's main activity was cattle breeding, but it also sold cattle and wine. It was at this time that Philippe made his first forays into the world of wine. Then, in 1992, he decided to continue working alone, and parted company with his father. In 1993, he took over the management of Ch\u00e2teau Fontbonne, and continues to develop it to this day.<\/span><\/p>\t\t\t\t\t\t<\/div>\n\t\t\t\t<\/div>\n\t\t\t\t<div class=\"elementor-element elementor-element-d4a996c elementor-invisible elementor-widget elementor-widget-heading\" data-id=\"d4a996c\" data-element_type=\"widget\" data-settings=\"{&quot;_animation&quot;:&quot;fadeIn&quot;}\" data-widget_type=\"heading.default\">\n\t\t\t\t<div class=\"elementor-widget-container\">\n\t\t\t<h2 class=\"elementor-heading-title elementor-size-default\">Marie<\/h2>\t\t<\/div>\n\t\t\t\t<\/div>\n\t\t\t\t<div class=\"elementor-element elementor-element-7b9998b elementor-widget elementor-widget-text-editor\" data-id=\"7b9998b\" data-element_type=\"widget\" data-widget_type=\"text-editor.default\">\n\t\t\t\t<div class=\"elementor-widget-container\">\n\t\t\t\t\t\t\t<p><span style=\"font-weight: 400;\">Daughter of Philippe RENIER, born in 1993, the same year Philippe became owner of Ch\u00e2teau Fontbonne. Throughout her childhood, she was immersed in the world of vines and wine. She never imagined a career other than that of oenologist, so that one day she too could manage the estate. After a degree in biology, she entered the DNO program in Bordeaux in 2015. That same year, she did her first internship at the Ch\u00e2teau in vinification. This was followed by various experiences at several estates in the region. Then she decided to go on an adventure to New Zealand. She stayed there for one winemaking session in 2018, and on her return decided to join the Ch\u00e2teau Fontbonne adventure.<\/span><\/p>\t\t\t\t\t\t<\/div>\n\t\t\t\t<\/div>\n\t\t\t\t<div class=\"elementor-element elementor-element-c6064ad elementor-invisible elementor-widget elementor-widget-heading\" data-id=\"c6064ad\" data-element_type=\"widget\" data-settings=\"{&quot;_animation&quot;:&quot;fadeIn&quot;}\" data-widget_type=\"heading.default\">\n\t\t\t\t<div class=\"elementor-widget-container\">\n\t\t\t<h2 class=\"elementor-heading-title elementor-size-default\">Sylvie <\/h2>\t\t<\/div>\n\t\t\t\t<\/div>\n\t\t\t\t<div class=\"elementor-element elementor-element-59abd9c elementor-widget elementor-widget-text-editor\" data-id=\"59abd9c\" data-element_type=\"widget\" data-widget_type=\"text-editor.default\">\n\t\t\t\t<div class=\"elementor-widget-container\">\n\t\t\t\t\t\t\t<p>Philippe RENIER's wife, after obtaining a BEP in bookkeeping, she began her career as a banker for 10 years. She then worked as an accountant for a company selling oenological products and cellar equipment for around 11 years. During this time, she got to know the world of wine and oenology, as she was also involved in the sale of these products. She decided to give up her passion for accounting to take over the family vineyards donated by her father in 2002. She spent several years producing grapes for a winery, before making her own wine.  In 2010, she joined the management team at Ch\u00e2teau Fontbonne as a partner alongside Philippe.<\/p>\t\t\t\t\t\t<\/div>\n\t\t\t\t<\/div>\n\t\t\t\t\t<\/div>\n\t\t\t\t<\/div>\n\t\t\t\t\t\t\t<\/div>","protected":false},"excerpt":{"rendered":"<p>The Philippe family Currently owner of Ch\u00e2teau Fontbonne, he hasn't always worked in wine. He began his career between the ages of 16 and 18 with a CAP (vocational training certificate) in butchery, before joining a wholesale livestock and meat trading company as a buyer\/seller. Following this experience, he left to work alongside [...].<\/p>","protected":false},"author":1,"featured_media":0,"parent":0,"menu_order":0,"comment_status":"closed","ping_status":"closed","template":"elementor_header_footer","meta":{"footnotes":""},"class_list":["post-25","page","type-page","status-publish","hentry"],"yoast_head":"<!-- This site is optimized with the Yoast SEO plugin v22.3 - https:\/\/yoast.com\/wordpress\/plugins\/seo\/ -->\n<title>La famille - Ch\u00e2teau Fontbonne \u00e0 Faleyras<\/title>\n<meta name=\"description\" content=\"Les vignobles de Fontbonne sont une propri\u00e9t\u00e9 familiale. Elle a \u00e9t\u00e9 achet\u00e9e par le grand-oncle de l\u2019actuel propri\u00e9taire, en 1939.\" \/>\n<meta name=\"robots\" content=\"index, follow, max-snippet:-1, max-image-preview:large, max-video-preview:-1\" \/>\n<link rel=\"canonical\" href=\"https:\/\/chateau-fontbonne.fr\/en\/la-famille\/\" \/>\n<meta property=\"og:locale\" content=\"en_US\" \/>\n<meta property=\"og:type\" content=\"article\" \/>\n<meta property=\"og:title\" content=\"La famille - Ch\u00e2teau Fontbonne \u00e0 Faleyras\" \/>\n<meta property=\"og:description\" content=\"Les vignobles de Fontbonne sont une propri\u00e9t\u00e9 familiale. Elle a \u00e9t\u00e9 achet\u00e9e par le grand-oncle de l\u2019actuel propri\u00e9taire, en 1939.\" \/>\n<meta property=\"og:url\" content=\"https:\/\/chateau-fontbonne.fr\/en\/la-famille\/\" \/>\n<meta property=\"og:site_name\" content=\"Ch\u00e2teau Fontbonne\" \/>\n<meta property=\"article:modified_time\" content=\"2024-03-20T21:01:31+00:00\" \/>\n<meta property=\"og:image\" content=\"https:\/\/chateau-fontbonne.fr\/wp-content\/uploads\/2023\/12\/IMG_6163-1024x683.jpg\" \/>\n<meta name=\"twitter:card\" content=\"summary_large_image\" \/>\n<meta name=\"twitter:label1\" content=\"Est. reading time\" \/>\n\t<meta name=\"twitter:data1\" content=\"3 minutes\" \/>\n<script type=\"application\/ld+json\" class=\"yoast-schema-graph\">{\"@context\":\"https:\/\/schema.org\",\"@graph\":[{\"@type\":\"WebPage\",\"@id\":\"https:\/\/chateau-fontbonne.fr\/la-famille\/\",\"url\":\"https:\/\/chateau-fontbonne.fr\/la-famille\/\",\"name\":\"La famille - Ch\u00e2teau Fontbonne \u00e0 Faleyras\",\"isPartOf\":{\"@id\":\"https:\/\/chateau-fontbonne.fr\/#website\"},\"primaryImageOfPage\":{\"@id\":\"https:\/\/chateau-fontbonne.fr\/la-famille\/#primaryimage\"},\"image\":{\"@id\":\"https:\/\/chateau-fontbonne.fr\/la-famille\/#primaryimage\"},\"thumbnailUrl\":\"https:\/\/chateau-fontbonne.fr\/wp-content\/uploads\/2023\/12\/IMG_6163-1024x683.jpg\",\"datePublished\":\"2023-12-06T07:52:34+00:00\",\"dateModified\":\"2024-03-20T21:01:31+00:00\",\"description\":\"Les vignobles de Fontbonne sont une propri\u00e9t\u00e9 familiale. Elle a \u00e9t\u00e9 achet\u00e9e par le grand-oncle de l\u2019actuel propri\u00e9taire, en 1939.\",\"breadcrumb\":{\"@id\":\"https:\/\/chateau-fontbonne.fr\/la-famille\/#breadcrumb\"},\"inLanguage\":\"en-US\",\"potentialAction\":[{\"@type\":\"ReadAction\",\"target\":[\"https:\/\/chateau-fontbonne.fr\/la-famille\/\"]}]},{\"@type\":\"ImageObject\",\"inLanguage\":\"en-US\",\"@id\":\"https:\/\/chateau-fontbonne.fr\/la-famille\/#primaryimage\",\"url\":\"https:\/\/chateau-fontbonne.fr\/wp-content\/uploads\/2023\/12\/IMG_6163.jpg\",\"contentUrl\":\"https:\/\/chateau-fontbonne.fr\/wp-content\/uploads\/2023\/12\/IMG_6163.jpg\",\"width\":2496,\"height\":1664},{\"@type\":\"BreadcrumbList\",\"@id\":\"https:\/\/chateau-fontbonne.fr\/la-famille\/#breadcrumb\",\"itemListElement\":[{\"@type\":\"ListItem\",\"position\":1,\"name\":\"Accueil\",\"item\":\"https:\/\/chateau-fontbonne.fr\/\"},{\"@type\":\"ListItem\",\"position\":2,\"name\":\"La famille\"}]},{\"@type\":\"WebSite\",\"@id\":\"https:\/\/chateau-fontbonne.fr\/#website\",\"url\":\"https:\/\/chateau-fontbonne.fr\/\",\"name\":\"Ch\u00e2teau Fontbonne\",\"description\":\"\",\"potentialAction\":[{\"@type\":\"SearchAction\",\"target\":{\"@type\":\"EntryPoint\",\"urlTemplate\":\"https:\/\/chateau-fontbonne.fr\/?s={search_term_string}\"},\"query-input\":\"required name=search_term_string\"}],\"inLanguage\":\"en-US\"}]}<\/script>\n<!-- \/ Yoast SEO plugin. -->","yoast_head_json":{"title":"La famille - Ch\u00e2teau Fontbonne \u00e0 Faleyras","description":"Les vignobles de Fontbonne sont une propri\u00e9t\u00e9 familiale. Elle a \u00e9t\u00e9 achet\u00e9e par le grand-oncle de l\u2019actuel propri\u00e9taire, en 1939.","robots":{"index":"index","follow":"follow","max-snippet":"max-snippet:-1","max-image-preview":"max-image-preview:large","max-video-preview":"max-video-preview:-1"},"canonical":"https:\/\/chateau-fontbonne.fr\/en\/la-famille\/","og_locale":"en_US","og_type":"article","og_title":"La famille - Ch\u00e2teau Fontbonne \u00e0 Faleyras","og_description":"Les vignobles de Fontbonne sont une propri\u00e9t\u00e9 familiale. Elle a \u00e9t\u00e9 achet\u00e9e par le grand-oncle de l\u2019actuel propri\u00e9taire, en 1939.","og_url":"https:\/\/chateau-fontbonne.fr\/en\/la-famille\/","og_site_name":"Ch\u00e2teau Fontbonne","article_modified_time":"2024-03-20T21:01:31+00:00","og_image":[{"url":"https:\/\/chateau-fontbonne.fr\/wp-content\/uploads\/2023\/12\/IMG_6163-1024x683.jpg"}],"twitter_card":"summary_large_image","twitter_misc":{"Est. reading time":"3 minutes"},"schema":{"@context":"https:\/\/schema.org","@graph":[{"@type":"WebPage","@id":"https:\/\/chateau-fontbonne.fr\/la-famille\/","url":"https:\/\/chateau-fontbonne.fr\/la-famille\/","name":"La famille - Ch\u00e2teau Fontbonne \u00e0 Faleyras","isPartOf":{"@id":"https:\/\/chateau-fontbonne.fr\/#website"},"primaryImageOfPage":{"@id":"https:\/\/chateau-fontbonne.fr\/la-famille\/#primaryimage"},"image":{"@id":"https:\/\/chateau-fontbonne.fr\/la-famille\/#primaryimage"},"thumbnailUrl":"https:\/\/chateau-fontbonne.fr\/wp-content\/uploads\/2023\/12\/IMG_6163-1024x683.jpg","datePublished":"2023-12-06T07:52:34+00:00","dateModified":"2024-03-20T21:01:31+00:00","description":"Les vignobles de Fontbonne sont une propri\u00e9t\u00e9 familiale. Elle a \u00e9t\u00e9 achet\u00e9e par le grand-oncle de l\u2019actuel propri\u00e9taire, en 1939.","breadcrumb":{"@id":"https:\/\/chateau-fontbonne.fr\/la-famille\/#breadcrumb"},"inLanguage":"en-US","potentialAction":[{"@type":"ReadAction","target":["https:\/\/chateau-fontbonne.fr\/la-famille\/"]}]},{"@type":"ImageObject","inLanguage":"en-US","@id":"https:\/\/chateau-fontbonne.fr\/la-famille\/#primaryimage","url":"https:\/\/chateau-fontbonne.fr\/wp-content\/uploads\/2023\/12\/IMG_6163.jpg","contentUrl":"https:\/\/chateau-fontbonne.fr\/wp-content\/uploads\/2023\/12\/IMG_6163.jpg","width":2496,"height":1664},{"@type":"BreadcrumbList","@id":"https:\/\/chateau-fontbonne.fr\/la-famille\/#breadcrumb","itemListElement":[{"@type":"ListItem","position":1,"name":"Accueil","item":"https:\/\/chateau-fontbonne.fr\/"},{"@type":"ListItem","position":2,"name":"La famille"}]},{"@type":"WebSite","@id":"https:\/\/chateau-fontbonne.fr\/#website","url":"https:\/\/chateau-fontbonne.fr\/","name":"Ch\u00e2teau Fontbonne","description":"","potentialAction":[{"@type":"SearchAction","target":{"@type":"EntryPoint","urlTemplate":"https:\/\/chateau-fontbonne.fr\/?s={search_term_string}"},"query-input":"required name=search_term_string"}],"inLanguage":"en-US"}]}},"_links":{"self":[{"href":"https:\/\/chateau-fontbonne.fr\/en\/wp-json\/wp\/v2\/pages\/25","targetHints":{"allow":["GET"]}}],"collection":[{"href":"https:\/\/chateau-fontbonne.fr\/en\/wp-json\/wp\/v2\/pages"}],"about":[{"href":"https:\/\/chateau-fontbonne.fr\/en\/wp-json\/wp\/v2\/types\/page"}],"author":[{"embeddable":true,"href":"https:\/\/chateau-fontbonne.fr\/en\/wp-json\/wp\/v2\/users\/1"}],"replies":[{"embeddable":true,"href":"https:\/\/chateau-fontbonne.fr\/en\/wp-json\/wp\/v2\/comments?post=25"}],"version-history":[{"count":82,"href":"https:\/\/chateau-fontbonne.fr\/en\/wp-json\/wp\/v2\/pages\/25\/revisions"}],"predecessor-version":[{"id":741,"href":"https:\/\/chateau-fontbonne.fr\/en\/wp-json\/wp\/v2\/pages\/25\/revisions\/741"}],"wp:attachment":[{"href":"https:\/\/chateau-fontbonne.fr\/en\/wp-json\/wp\/v2\/media?parent=25"}],"curies":[{"name":"wp","href":"https:\/\/api.w.org\/{rel}","templated":true}]}}