{"id":424,"date":"2024-01-22T14:12:42","date_gmt":"2024-01-22T14:12:42","guid":{"rendered":"https:\/\/fontbonne.elab-formations.com\/?page_id=424"},"modified":"2024-03-20T21:04:15","modified_gmt":"2024-03-20T21:04:15","slug":"le-vignoble","status":"publish","type":"page","link":"https:\/\/chateau-fontbonne.fr\/en\/le-vignoble\/","title":{"rendered":"The vineyard"},"content":{"rendered":"<div data-elementor-type=\"wp-page\" data-elementor-id=\"424\" class=\"elementor elementor-424\" data-elementor-post-type=\"page\">\n\t\t\t\t\t\t\t<div class=\"elementor-element elementor-element-ef64325 e-flex e-con-boxed e-con e-parent\" data-id=\"ef64325\" data-element_type=\"container\" data-settings=\"{&quot;background_background&quot;:&quot;classic&quot;,&quot;background_motion_fx_motion_fx_scrolling&quot;:&quot;yes&quot;,&quot;shape_divider_top&quot;:&quot;triangle&quot;,&quot;container_type&quot;:&quot;flex&quot;,&quot;content_width&quot;:&quot;boxed&quot;,&quot;background_motion_fx_devices&quot;:[&quot;desktop&quot;,&quot;tablet&quot;,&quot;mobile&quot;]}\" data-e-bg-lazyload=\"\" data-core-v316-plus=\"true\">\n\t\t\t\t\t<div class=\"e-con-inner\">\n\t\t\t\t<div class=\"elementor-shape elementor-shape-top\" data-negative=\"false\">\n\t\t\t<svg xmlns=\"http:\/\/www.w3.org\/2000\/svg\" viewbox=\"0 0 1000 100\" preserveaspectratio=\"none\">\n\t<path class=\"elementor-shape-fill\" d=\"M500,98.9L0,6.1V0h1000v6.1L500,98.9z\"\/>\n<\/svg>\t\t<\/div>\n\t\t\t\t<div class=\"elementor-element elementor-element-c4c33af elementor-invisible elementor-widget elementor-widget-heading\" data-id=\"c4c33af\" data-element_type=\"widget\" data-settings=\"{&quot;_animation&quot;:&quot;fadeIn&quot;}\" data-widget_type=\"heading.default\">\n\t\t\t\t<div class=\"elementor-widget-container\">\n\t\t\t<style>\/*! elementor - v3.18.0 - 20-12-2023 *\/\n.elementor-heading-title{padding:0;margin:0;line-height:1}.elementor-widget-heading .elementor-heading-title[class*=elementor-size-]>a{color:inherit;font-size:inherit;line-height:inherit}.elementor-widget-heading .elementor-heading-title.elementor-size-small{font-size:15px}.elementor-widget-heading .elementor-heading-title.elementor-size-medium{font-size:19px}.elementor-widget-heading .elementor-heading-title.elementor-size-large{font-size:29px}.elementor-widget-heading .elementor-heading-title.elementor-size-xl{font-size:39px}.elementor-widget-heading .elementor-heading-title.elementor-size-xxl{font-size:59px}<\/style><h1 class=\"elementor-heading-title elementor-size-default\">The vineyard<\/h1>\t\t<\/div>\n\t\t\t\t<\/div>\n\t\t\t\t\t<\/div>\n\t\t\t\t<\/div>\n\t\t<div class=\"elementor-element elementor-element-06a1079 e-flex e-con-boxed e-con e-parent\" data-id=\"06a1079\" data-element_type=\"container\" data-settings=\"{&quot;container_type&quot;:&quot;flex&quot;,&quot;content_width&quot;:&quot;boxed&quot;}\" data-core-v316-plus=\"true\">\n\t\t\t\t\t<div class=\"e-con-inner\">\n\t\t\t\t<div class=\"elementor-element elementor-element-cb7e068 elementor-widget elementor-widget-image\" data-id=\"cb7e068\" data-element_type=\"widget\" data-widget_type=\"image.default\">\n\t\t\t\t<div class=\"elementor-widget-container\">\n\t\t\t<style>\/*! elementor - v3.18.0 - 20-12-2023 *\/\n.elementor-widget-image{text-align:center}.elementor-widget-image a{display:inline-block}.elementor-widget-image a img[src$=\".svg\"]{width:48px}.elementor-widget-image img{vertical-align:middle;display:inline-block}<\/style>\t\t\t\t\t\t\t\t\t\t\t\t<img fetchpriority=\"high\" decoding=\"async\" width=\"800\" height=\"623\" src=\"https:\/\/chateau-fontbonne.fr\/wp-content\/uploads\/2024\/01\/fontbonne-1024x798.png\" class=\"attachment-large size-large wp-image-631\" alt=\"\" srcset=\"https:\/\/chateau-fontbonne.fr\/wp-content\/uploads\/2024\/01\/fontbonne-1024x798.png 1024w, https:\/\/chateau-fontbonne.fr\/wp-content\/uploads\/2024\/01\/fontbonne-300x234.png 300w, https:\/\/chateau-fontbonne.fr\/wp-content\/uploads\/2024\/01\/fontbonne-768x599.png 768w, https:\/\/chateau-fontbonne.fr\/wp-content\/uploads\/2024\/01\/fontbonne-15x12.png 15w, https:\/\/chateau-fontbonne.fr\/wp-content\/uploads\/2024\/01\/fontbonne-600x468.png 600w, https:\/\/chateau-fontbonne.fr\/wp-content\/uploads\/2024\/01\/fontbonne.png 1160w\" sizes=\"(max-width: 800px) 100vw, 800px\" \/>\t\t\t\t\t\t\t\t\t\t\t\t\t\t\t<\/div>\n\t\t\t\t<\/div>\n\t\t\t\t<div class=\"elementor-element elementor-element-0068dc2 elementor-widget elementor-widget-text-editor\" data-id=\"0068dc2\" data-element_type=\"widget\" data-widget_type=\"text-editor.default\">\n\t\t\t\t<div class=\"elementor-widget-container\">\n\t\t\t<style>\/*! elementor - v3.18.0 - 20-12-2023 *\/\n.elementor-widget-text-editor.elementor-drop-cap-view-stacked .elementor-drop-cap{background-color:#69727d;color:#fff}.elementor-widget-text-editor.elementor-drop-cap-view-framed .elementor-drop-cap{color:#69727d;border:3px solid;background-color:transparent}.elementor-widget-text-editor:not(.elementor-drop-cap-view-default) .elementor-drop-cap{margin-top:8px}.elementor-widget-text-editor:not(.elementor-drop-cap-view-default) .elementor-drop-cap-letter{width:1em;height:1em}.elementor-widget-text-editor .elementor-drop-cap{float:left;text-align:center;line-height:1;font-size:50px}.elementor-widget-text-editor .elementor-drop-cap-letter{display:inline-block}<\/style>\t\t\t\t<p><span style=\"font-weight: 400;\">Ch\u00e2teau Fontbonne currently covers 30 hectares of vines. These 30 ha are scattered in 3 islets within a 15km radius. These are located in the communes of Faleyras and Bl\u00e9signac, which are grouped around the Ch\u00e2teau, then Ruch and finally Blasimon. This is a real asset for the estate. We have a diversity of terroirs, which enables us to manage our grape varieties in the best possible way. What's more, it's a real asset in the face of climatic hazards such as frost, hail or storms.<\/span><\/p><p><span style=\"font-weight: 400;\">Our soils are essentially clay-limestone and clay-silt. On the Ruch side, the rocks are close to the surface, so our soils are warmer. At Blasimon, we find white earth at the surface, but deeper down, it's a clay-loam soil. Whereas in Faleyras and Bl\u00e9signac, the soils are clay-limestone, with some croups where the limestone is closer to the surface. This is why we chose to plant Merlot at Ruch and Blasimon. In Faleyras, depending on the soil, we planted Cabernet Sauvignon and Merlot. We also produce white wines with Sauvignon Blanc from Blasimon and Faleyras, and Semillon from Bl\u00e9signac. For all our wines, this diversity of soils and terroirs is a richness that adds complexity to our products.<\/span><\/p><p><span style=\"font-weight: 400;\">Practically the entire estate is bordered by woodland, which is very important for biodiversity. We use traditional methods of viticulture and apply rational treatments, which are essential to ensure the long-term survival of the vineyard in the face of vine diseases. For more than 10 years now, we have not been using chemical weed-killers, only mechanical ones. We work in collaboration with nature, and it's important for us to preserve it in our choice of cultivation methods.<\/span><\/p>\t\t\t\t\t\t<\/div>\n\t\t\t\t<\/div>\n\t\t\t\t\t<\/div>\n\t\t\t\t<\/div>\n\t\t\t\t\t\t\t<\/div>","protected":false},"excerpt":{"rendered":"<p>The Ch\u00e2teau Fontbonne vineyard currently covers 30ha of vines. These 30 ha are scattered in 3 islets within a 15km radius. These are located in the communes of Faleyras and Bl\u00e9signac, which are grouped around the Ch\u00e2teau, then Ruch and finally Blasimon. This is a real asset [...].<\/p>","protected":false},"author":1,"featured_media":0,"parent":0,"menu_order":0,"comment_status":"closed","ping_status":"closed","template":"elementor_header_footer","meta":{"footnotes":""},"class_list":["post-424","page","type-page","status-publish","hentry"],"yoast_head":"<!-- This site is optimized with the Yoast SEO plugin v22.3 - https:\/\/yoast.com\/wordpress\/plugins\/seo\/ -->\n<title>Le vignoble - Ch\u00e2teau Fontbonne<\/title>\n<meta name=\"robots\" content=\"index, follow, max-snippet:-1, max-image-preview:large, max-video-preview:-1\" \/>\n<link rel=\"canonical\" href=\"https:\/\/chateau-fontbonne.fr\/en\/le-vignoble\/\" \/>\n<meta property=\"og:locale\" content=\"en_US\" \/>\n<meta property=\"og:type\" content=\"article\" \/>\n<meta property=\"og:title\" content=\"Le vignoble - Ch\u00e2teau Fontbonne\" \/>\n<meta property=\"og:description\" content=\"Le vignoble Le Ch\u00e2teau Fontbonne repr\u00e9sente \u00e0 l\u2019heure actuelle une superficie de 30ha de vignes. Ces 30 ha sont dispers\u00e9s en 3 \u00eelots sur un rayon de 15km. Ces \u00eelots sont situ\u00e9s dans les communes de Faleyras et Bl\u00e9signac qui sont regroup\u00e9s autour du Ch\u00e2teau, puis Ruch et enfin Blasimon. Ceci est un vrai atout [&hellip;]\" \/>\n<meta property=\"og:url\" content=\"https:\/\/chateau-fontbonne.fr\/en\/le-vignoble\/\" \/>\n<meta property=\"og:site_name\" content=\"Ch\u00e2teau Fontbonne\" \/>\n<meta property=\"article:modified_time\" content=\"2024-03-20T21:04:15+00:00\" \/>\n<meta property=\"og:image\" content=\"https:\/\/chateau-fontbonne.fr\/wp-content\/uploads\/2024\/01\/fontbonne-1024x798.png\" \/>\n<meta name=\"twitter:card\" content=\"summary_large_image\" \/>\n<meta name=\"twitter:label1\" content=\"Est. reading time\" \/>\n\t<meta name=\"twitter:data1\" content=\"2 minutes\" \/>\n<script type=\"application\/ld+json\" class=\"yoast-schema-graph\">{\"@context\":\"https:\/\/schema.org\",\"@graph\":[{\"@type\":\"WebPage\",\"@id\":\"https:\/\/chateau-fontbonne.fr\/le-vignoble\/\",\"url\":\"https:\/\/chateau-fontbonne.fr\/le-vignoble\/\",\"name\":\"Le vignoble - Ch\u00e2teau Fontbonne\",\"isPartOf\":{\"@id\":\"https:\/\/chateau-fontbonne.fr\/#website\"},\"primaryImageOfPage\":{\"@id\":\"https:\/\/chateau-fontbonne.fr\/le-vignoble\/#primaryimage\"},\"image\":{\"@id\":\"https:\/\/chateau-fontbonne.fr\/le-vignoble\/#primaryimage\"},\"thumbnailUrl\":\"https:\/\/chateau-fontbonne.fr\/wp-content\/uploads\/2024\/01\/fontbonne-1024x798.png\",\"datePublished\":\"2024-01-22T14:12:42+00:00\",\"dateModified\":\"2024-03-20T21:04:15+00:00\",\"breadcrumb\":{\"@id\":\"https:\/\/chateau-fontbonne.fr\/le-vignoble\/#breadcrumb\"},\"inLanguage\":\"en-US\",\"potentialAction\":[{\"@type\":\"ReadAction\",\"target\":[\"https:\/\/chateau-fontbonne.fr\/le-vignoble\/\"]}]},{\"@type\":\"ImageObject\",\"inLanguage\":\"en-US\",\"@id\":\"https:\/\/chateau-fontbonne.fr\/le-vignoble\/#primaryimage\",\"url\":\"https:\/\/chateau-fontbonne.fr\/wp-content\/uploads\/2024\/01\/fontbonne.png\",\"contentUrl\":\"https:\/\/chateau-fontbonne.fr\/wp-content\/uploads\/2024\/01\/fontbonne.png\",\"width\":1160,\"height\":904},{\"@type\":\"BreadcrumbList\",\"@id\":\"https:\/\/chateau-fontbonne.fr\/le-vignoble\/#breadcrumb\",\"itemListElement\":[{\"@type\":\"ListItem\",\"position\":1,\"name\":\"Accueil\",\"item\":\"https:\/\/chateau-fontbonne.fr\/\"},{\"@type\":\"ListItem\",\"position\":2,\"name\":\"Le vignoble\"}]},{\"@type\":\"WebSite\",\"@id\":\"https:\/\/chateau-fontbonne.fr\/#website\",\"url\":\"https:\/\/chateau-fontbonne.fr\/\",\"name\":\"Ch\u00e2teau Fontbonne\",\"description\":\"\",\"potentialAction\":[{\"@type\":\"SearchAction\",\"target\":{\"@type\":\"EntryPoint\",\"urlTemplate\":\"https:\/\/chateau-fontbonne.fr\/?s={search_term_string}\"},\"query-input\":\"required name=search_term_string\"}],\"inLanguage\":\"en-US\"}]}<\/script>\n<!-- \/ Yoast SEO plugin. -->","yoast_head_json":{"title":"Le vignoble - Ch\u00e2teau Fontbonne","robots":{"index":"index","follow":"follow","max-snippet":"max-snippet:-1","max-image-preview":"max-image-preview:large","max-video-preview":"max-video-preview:-1"},"canonical":"https:\/\/chateau-fontbonne.fr\/en\/le-vignoble\/","og_locale":"en_US","og_type":"article","og_title":"Le vignoble - Ch\u00e2teau Fontbonne","og_description":"Le vignoble Le Ch\u00e2teau Fontbonne repr\u00e9sente \u00e0 l\u2019heure actuelle une superficie de 30ha de vignes. Ces 30 ha sont dispers\u00e9s en 3 \u00eelots sur un rayon de 15km. Ces \u00eelots sont situ\u00e9s dans les communes de Faleyras et Bl\u00e9signac qui sont regroup\u00e9s autour du Ch\u00e2teau, puis Ruch et enfin Blasimon. Ceci est un vrai atout [&hellip;]","og_url":"https:\/\/chateau-fontbonne.fr\/en\/le-vignoble\/","og_site_name":"Ch\u00e2teau Fontbonne","article_modified_time":"2024-03-20T21:04:15+00:00","og_image":[{"url":"https:\/\/chateau-fontbonne.fr\/wp-content\/uploads\/2024\/01\/fontbonne-1024x798.png"}],"twitter_card":"summary_large_image","twitter_misc":{"Est. reading time":"2 minutes"},"schema":{"@context":"https:\/\/schema.org","@graph":[{"@type":"WebPage","@id":"https:\/\/chateau-fontbonne.fr\/le-vignoble\/","url":"https:\/\/chateau-fontbonne.fr\/le-vignoble\/","name":"Le vignoble - Ch\u00e2teau Fontbonne","isPartOf":{"@id":"https:\/\/chateau-fontbonne.fr\/#website"},"primaryImageOfPage":{"@id":"https:\/\/chateau-fontbonne.fr\/le-vignoble\/#primaryimage"},"image":{"@id":"https:\/\/chateau-fontbonne.fr\/le-vignoble\/#primaryimage"},"thumbnailUrl":"https:\/\/chateau-fontbonne.fr\/wp-content\/uploads\/2024\/01\/fontbonne-1024x798.png","datePublished":"2024-01-22T14:12:42+00:00","dateModified":"2024-03-20T21:04:15+00:00","breadcrumb":{"@id":"https:\/\/chateau-fontbonne.fr\/le-vignoble\/#breadcrumb"},"inLanguage":"en-US","potentialAction":[{"@type":"ReadAction","target":["https:\/\/chateau-fontbonne.fr\/le-vignoble\/"]}]},{"@type":"ImageObject","inLanguage":"en-US","@id":"https:\/\/chateau-fontbonne.fr\/le-vignoble\/#primaryimage","url":"https:\/\/chateau-fontbonne.fr\/wp-content\/uploads\/2024\/01\/fontbonne.png","contentUrl":"https:\/\/chateau-fontbonne.fr\/wp-content\/uploads\/2024\/01\/fontbonne.png","width":1160,"height":904},{"@type":"BreadcrumbList","@id":"https:\/\/chateau-fontbonne.fr\/le-vignoble\/#breadcrumb","itemListElement":[{"@type":"ListItem","position":1,"name":"Accueil","item":"https:\/\/chateau-fontbonne.fr\/"},{"@type":"ListItem","position":2,"name":"Le vignoble"}]},{"@type":"WebSite","@id":"https:\/\/chateau-fontbonne.fr\/#website","url":"https:\/\/chateau-fontbonne.fr\/","name":"Ch\u00e2teau Fontbonne","description":"","potentialAction":[{"@type":"SearchAction","target":{"@type":"EntryPoint","urlTemplate":"https:\/\/chateau-fontbonne.fr\/?s={search_term_string}"},"query-input":"required name=search_term_string"}],"inLanguage":"en-US"}]}},"_links":{"self":[{"href":"https:\/\/chateau-fontbonne.fr\/en\/wp-json\/wp\/v2\/pages\/424","targetHints":{"allow":["GET"]}}],"collection":[{"href":"https:\/\/chateau-fontbonne.fr\/en\/wp-json\/wp\/v2\/pages"}],"about":[{"href":"https:\/\/chateau-fontbonne.fr\/en\/wp-json\/wp\/v2\/types\/page"}],"author":[{"embeddable":true,"href":"https:\/\/chateau-fontbonne.fr\/en\/wp-json\/wp\/v2\/users\/1"}],"replies":[{"embeddable":true,"href":"https:\/\/chateau-fontbonne.fr\/en\/wp-json\/wp\/v2\/comments?post=424"}],"version-history":[{"count":30,"href":"https:\/\/chateau-fontbonne.fr\/en\/wp-json\/wp\/v2\/pages\/424\/revisions"}],"predecessor-version":[{"id":634,"href":"https:\/\/chateau-fontbonne.fr\/en\/wp-json\/wp\/v2\/pages\/424\/revisions\/634"}],"wp:attachment":[{"href":"https:\/\/chateau-fontbonne.fr\/en\/wp-json\/wp\/v2\/media?parent=424"}],"curies":[{"name":"wp","href":"https:\/\/api.w.org\/{rel}","templated":true}]}}