{"id":349,"date":"2024-01-21T12:58:16","date_gmt":"2024-01-21T12:58:16","guid":{"rendered":"https:\/\/fontbonne.elab-formations.com\/?post_type=product&#038;p=349"},"modified":"2024-01-24T14:55:21","modified_gmt":"2024-01-24T14:55:21","slug":"cuvee-edouard","status":"publish","type":"product","link":"https:\/\/chateau-fontbonne.fr\/en\/product\/cuvee-edouard\/","title":{"rendered":"Cuv\u00e9e \u00c9douard"},"content":{"rendered":"<p>Enter the enchanting world of our Cuv\u00e9e Edouard, a captivating elixir crafted with meticulous attention to detail and a deep love for the art of winemaking. At the heart of this cuv\u00e9e is Merlot, chosen for its ability to envelop the senses in an embrace of gourmandise and fruity richness. This variety, the queen of our blend, makes up the majority of Cuv\u00e9e Edouard, giving the wine its signature softness and aromatic depth.<\/p>\n<p>But the magic of Cuv\u00e9e Edouard doesn't stop there. With a delicate, thoughtful touch, we've integrated 10% of Cabernet Sauvignon. This bold choice completes the blend, bringing a more pronounced tannic dimension and an intriguing complexity that weaves a sophisticated weave through the heart of the wine.<\/p>\n<p>The metamorphosis of our Cuv\u00e9e Edouard takes place over several months, with 4 to 6 months of careful ageing in staves. It is in this cradle of wood that the wine acquires its unique personality, where the mastery of oxygenation plays out a symphony of flavors. The result is a wine that caresses the palate with a sweet sweetness and fatty texture, a true invitation to the pleasure of the senses.<\/p>\n<p>When you taste Cuv\u00e9e Edouard, you're greeted by a rich, unctuous bouquet, a celebration of gourmandise. Each sip reveals a harmony of ripe black fruits and roasted nuances, creating a sensory experience that awakens and delights. Cuv\u00e9e Edouard is a promise of exquisite moments, a window onto the excellence of our terroir and our passion for wine. Come, discover, and let us take you on a journey of unforgettable flavors.<\/p>","protected":false},"excerpt":{"rendered":"<p>Enter the enchanting world of our Cuv\u00e9e Edouard, a captivating elixir crafted with meticulous attention to detail and a deep love for the art of winemaking. At the heart of this cuv\u00e9e is Merlot, chosen for its ability to envelop the senses in an embrace of gourmandise and fruity richness. This variety, queen of [...]<\/p>","protected":false},"featured_media":350,"comment_status":"open","ping_status":"closed","template":"","meta":[],"product_cat":[20],"product_tag":[],"class_list":{"0":"post-349","1":"product","2":"type-product","3":"status-publish","4":"has-post-thumbnail","6":"product_cat-non-classe","8":"first","9":"instock","10":"shipping-taxable","11":"product-type-simple"},"yoast_head":"<!-- This site is optimized with the Yoast SEO plugin v22.3 - https:\/\/yoast.com\/wordpress\/plugins\/seo\/ -->\n<title>Cuv\u00e9e \u00c9douard - Ch\u00e2teau Fontbonne<\/title>\n<meta name=\"robots\" content=\"index, follow, max-snippet:-1, max-image-preview:large, max-video-preview:-1\" \/>\n<link rel=\"canonical\" href=\"https:\/\/chateau-fontbonne.fr\/en\/product\/cuvee-edouard\/\" \/>\n<meta property=\"og:locale\" content=\"en_US\" \/>\n<meta property=\"og:type\" content=\"article\" \/>\n<meta property=\"og:title\" content=\"Cuv\u00e9e \u00c9douard - Ch\u00e2teau Fontbonne\" \/>\n<meta property=\"og:description\" content=\"Entrez dans le monde enchanteur de notre Cuv\u00e9e Edouard, un \u00e9lixir captivant \u00e9labor\u00e9 avec une attention m\u00e9ticuleuse et un amour profond pour l&rsquo;art de la vinification. Au c\u0153ur de cette cuv\u00e9e se trouve le Merlot, choisi pour sa capacit\u00e9 \u00e0 envelopper les sens dans une \u00e9treinte de gourmandise et de richesse fruit\u00e9e. Cette vari\u00e9t\u00e9, reine [&hellip;]\" \/>\n<meta property=\"og:url\" content=\"https:\/\/chateau-fontbonne.fr\/en\/product\/cuvee-edouard\/\" \/>\n<meta property=\"og:site_name\" content=\"Ch\u00e2teau Fontbonne\" \/>\n<meta property=\"article:modified_time\" content=\"2024-01-24T14:55:21+00:00\" \/>\n<meta property=\"og:image\" content=\"https:\/\/chateau-fontbonne.fr\/wp-content\/uploads\/2024\/01\/Cuvee_Edouard-removebg-preview.png\" \/>\n\t<meta property=\"og:image:width\" content=\"259\" \/>\n\t<meta property=\"og:image:height\" content=\"962\" \/>\n\t<meta property=\"og:image:type\" content=\"image\/png\" \/>\n<meta name=\"twitter:card\" content=\"summary_large_image\" \/>\n<meta name=\"twitter:label1\" content=\"Est. reading time\" \/>\n\t<meta name=\"twitter:data1\" content=\"2 minutes\" \/>\n<script type=\"application\/ld+json\" class=\"yoast-schema-graph\">{\"@context\":\"https:\/\/schema.org\",\"@graph\":[{\"@type\":\"WebPage\",\"@id\":\"https:\/\/chateau-fontbonne.fr\/produit\/cuvee-edouard\/\",\"url\":\"https:\/\/chateau-fontbonne.fr\/produit\/cuvee-edouard\/\",\"name\":\"Cuv\u00e9e \u00c9douard - Ch\u00e2teau Fontbonne\",\"isPartOf\":{\"@id\":\"https:\/\/chateau-fontbonne.fr\/#website\"},\"primaryImageOfPage\":{\"@id\":\"https:\/\/chateau-fontbonne.fr\/produit\/cuvee-edouard\/#primaryimage\"},\"image\":{\"@id\":\"https:\/\/chateau-fontbonne.fr\/produit\/cuvee-edouard\/#primaryimage\"},\"thumbnailUrl\":\"https:\/\/chateau-fontbonne.fr\/wp-content\/uploads\/2024\/01\/Cuvee_Edouard-removebg-preview.png\",\"datePublished\":\"2024-01-21T12:58:16+00:00\",\"dateModified\":\"2024-01-24T14:55:21+00:00\",\"breadcrumb\":{\"@id\":\"https:\/\/chateau-fontbonne.fr\/produit\/cuvee-edouard\/#breadcrumb\"},\"inLanguage\":\"en-US\",\"potentialAction\":[{\"@type\":\"ReadAction\",\"target\":[\"https:\/\/chateau-fontbonne.fr\/produit\/cuvee-edouard\/\"]}]},{\"@type\":\"ImageObject\",\"inLanguage\":\"en-US\",\"@id\":\"https:\/\/chateau-fontbonne.fr\/produit\/cuvee-edouard\/#primaryimage\",\"url\":\"https:\/\/chateau-fontbonne.fr\/wp-content\/uploads\/2024\/01\/Cuvee_Edouard-removebg-preview.png\",\"contentUrl\":\"https:\/\/chateau-fontbonne.fr\/wp-content\/uploads\/2024\/01\/Cuvee_Edouard-removebg-preview.png\",\"width\":259,\"height\":962},{\"@type\":\"BreadcrumbList\",\"@id\":\"https:\/\/chateau-fontbonne.fr\/produit\/cuvee-edouard\/#breadcrumb\",\"itemListElement\":[{\"@type\":\"ListItem\",\"position\":1,\"name\":\"Accueil\",\"item\":\"https:\/\/chateau-fontbonne.fr\/\"},{\"@type\":\"ListItem\",\"position\":2,\"name\":\"Nos vins\",\"item\":\"https:\/\/chateau-fontbonne.fr\/nos-vins\/\"},{\"@type\":\"ListItem\",\"position\":3,\"name\":\"Cuv\u00e9e \u00c9douard\"}]},{\"@type\":\"WebSite\",\"@id\":\"https:\/\/chateau-fontbonne.fr\/#website\",\"url\":\"https:\/\/chateau-fontbonne.fr\/\",\"name\":\"Ch\u00e2teau Fontbonne\",\"description\":\"\",\"potentialAction\":[{\"@type\":\"SearchAction\",\"target\":{\"@type\":\"EntryPoint\",\"urlTemplate\":\"https:\/\/chateau-fontbonne.fr\/?s={search_term_string}\"},\"query-input\":\"required name=search_term_string\"}],\"inLanguage\":\"en-US\"}]}<\/script>\n<!-- \/ Yoast SEO plugin. -->","yoast_head_json":{"title":"Cuv\u00e9e \u00c9douard - Ch\u00e2teau Fontbonne","robots":{"index":"index","follow":"follow","max-snippet":"max-snippet:-1","max-image-preview":"max-image-preview:large","max-video-preview":"max-video-preview:-1"},"canonical":"https:\/\/chateau-fontbonne.fr\/en\/product\/cuvee-edouard\/","og_locale":"en_US","og_type":"article","og_title":"Cuv\u00e9e \u00c9douard - Ch\u00e2teau Fontbonne","og_description":"Entrez dans le monde enchanteur de notre Cuv\u00e9e Edouard, un \u00e9lixir captivant \u00e9labor\u00e9 avec une attention m\u00e9ticuleuse et un amour profond pour l&rsquo;art de la vinification. Au c\u0153ur de cette cuv\u00e9e se trouve le Merlot, choisi pour sa capacit\u00e9 \u00e0 envelopper les sens dans une \u00e9treinte de gourmandise et de richesse fruit\u00e9e. Cette vari\u00e9t\u00e9, reine [&hellip;]","og_url":"https:\/\/chateau-fontbonne.fr\/en\/product\/cuvee-edouard\/","og_site_name":"Ch\u00e2teau Fontbonne","article_modified_time":"2024-01-24T14:55:21+00:00","og_image":[{"width":259,"height":962,"url":"https:\/\/chateau-fontbonne.fr\/wp-content\/uploads\/2024\/01\/Cuvee_Edouard-removebg-preview.png","type":"image\/png"}],"twitter_card":"summary_large_image","twitter_misc":{"Est. reading time":"2 minutes"},"schema":{"@context":"https:\/\/schema.org","@graph":[{"@type":"WebPage","@id":"https:\/\/chateau-fontbonne.fr\/produit\/cuvee-edouard\/","url":"https:\/\/chateau-fontbonne.fr\/produit\/cuvee-edouard\/","name":"Cuv\u00e9e \u00c9douard - Ch\u00e2teau Fontbonne","isPartOf":{"@id":"https:\/\/chateau-fontbonne.fr\/#website"},"primaryImageOfPage":{"@id":"https:\/\/chateau-fontbonne.fr\/produit\/cuvee-edouard\/#primaryimage"},"image":{"@id":"https:\/\/chateau-fontbonne.fr\/produit\/cuvee-edouard\/#primaryimage"},"thumbnailUrl":"https:\/\/chateau-fontbonne.fr\/wp-content\/uploads\/2024\/01\/Cuvee_Edouard-removebg-preview.png","datePublished":"2024-01-21T12:58:16+00:00","dateModified":"2024-01-24T14:55:21+00:00","breadcrumb":{"@id":"https:\/\/chateau-fontbonne.fr\/produit\/cuvee-edouard\/#breadcrumb"},"inLanguage":"en-US","potentialAction":[{"@type":"ReadAction","target":["https:\/\/chateau-fontbonne.fr\/produit\/cuvee-edouard\/"]}]},{"@type":"ImageObject","inLanguage":"en-US","@id":"https:\/\/chateau-fontbonne.fr\/produit\/cuvee-edouard\/#primaryimage","url":"https:\/\/chateau-fontbonne.fr\/wp-content\/uploads\/2024\/01\/Cuvee_Edouard-removebg-preview.png","contentUrl":"https:\/\/chateau-fontbonne.fr\/wp-content\/uploads\/2024\/01\/Cuvee_Edouard-removebg-preview.png","width":259,"height":962},{"@type":"BreadcrumbList","@id":"https:\/\/chateau-fontbonne.fr\/produit\/cuvee-edouard\/#breadcrumb","itemListElement":[{"@type":"ListItem","position":1,"name":"Accueil","item":"https:\/\/chateau-fontbonne.fr\/"},{"@type":"ListItem","position":2,"name":"Nos vins","item":"https:\/\/chateau-fontbonne.fr\/nos-vins\/"},{"@type":"ListItem","position":3,"name":"Cuv\u00e9e \u00c9douard"}]},{"@type":"WebSite","@id":"https:\/\/chateau-fontbonne.fr\/#website","url":"https:\/\/chateau-fontbonne.fr\/","name":"Ch\u00e2teau Fontbonne","description":"","potentialAction":[{"@type":"SearchAction","target":{"@type":"EntryPoint","urlTemplate":"https:\/\/chateau-fontbonne.fr\/?s={search_term_string}"},"query-input":"required name=search_term_string"}],"inLanguage":"en-US"}]}},"_links":{"self":[{"href":"https:\/\/chateau-fontbonne.fr\/en\/wp-json\/wp\/v2\/product\/349","targetHints":{"allow":["GET"]}}],"collection":[{"href":"https:\/\/chateau-fontbonne.fr\/en\/wp-json\/wp\/v2\/product"}],"about":[{"href":"https:\/\/chateau-fontbonne.fr\/en\/wp-json\/wp\/v2\/types\/product"}],"replies":[{"embeddable":true,"href":"https:\/\/chateau-fontbonne.fr\/en\/wp-json\/wp\/v2\/comments?post=349"}],"wp:featuredmedia":[{"embeddable":true,"href":"https:\/\/chateau-fontbonne.fr\/en\/wp-json\/wp\/v2\/media\/350"}],"wp:attachment":[{"href":"https:\/\/chateau-fontbonne.fr\/en\/wp-json\/wp\/v2\/media?parent=349"}],"wp:term":[{"taxonomy":"product_cat","embeddable":true,"href":"https:\/\/chateau-fontbonne.fr\/en\/wp-json\/wp\/v2\/product_cat?post=349"},{"taxonomy":"product_tag","embeddable":true,"href":"https:\/\/chateau-fontbonne.fr\/en\/wp-json\/wp\/v2\/product_tag?post=349"}],"curies":[{"name":"wp","href":"https:\/\/api.w.org\/{rel}","templated":true}]}}