{"id":639,"date":"2024-01-18T14:52:46","date_gmt":"2024-01-18T14:52:46","guid":{"rendered":"https:\/\/fontbonne.elab-formations.com\/?post_type=product&#038;p=639"},"modified":"2024-01-24T18:36:09","modified_gmt":"2024-01-24T18:36:09","slug":"our-hands-rose","status":"publish","type":"product","link":"https:\/\/chateau-fontbonne.fr\/en\/product\/our-hands-rose\/","title":{"rendered":"Our Hands Ros\u00e9"},"content":{"rendered":"<p>Discover Our Hands Ros\u00e9, a bright new star in our constellation of Our Hands wines. Inspired by the success of our existing red range, this ros\u00e9 was conceived with a clear vision: to create a fruity wine that's fun to drink, a source of pleasure and delightfully simple to enjoy.<\/p>\n<p>To bring this vision to life, we chose to create this ros\u00e9 as a single varietal, using Merlot exclusively. This bold choice has given birth to a ros\u00e9 wine of exquisite, delicate pallor. Merlot, with its sparingly revealed anthocyanins, was at the heart of our ambition to achieve the perfect hue, one of our first and foremost objectives.<\/p>\n<p>The winemaking process plays an essential role in the creation of this masterpiece. By opting for cold vinification, precisely at 17\u00b0C, we have succeeded in preserving a harmonious balance between fruity vivacity and subtle acidity. The naturally rich and unctuous Merlot gives this ros\u00e9 a velvety texture and remarkable length on the palate.<\/p>\n<p>Ros\u00e9 Our Hands is a celebration of freshness and gourmandise. Every sip is an invitation to share joyous moments with friends as an aperitif, or to savor the pleasures of a fine summer with delicate fish, shellfish or a sumptuous seafood platter. It's a wine that awakens the senses, perfect for all occasions, from the simplest to the most elegant.<\/p>\n<p>We are proud to present Our Hands Ros\u00e9, a wine that embodies the essence of our passion for winemaking and our commitment to offering unique experiences. Join us on this gustatory adventure and let yourself be carried away by the magic of this exceptional ros\u00e9, a jewel in our Our Hands collection.<\/p>","protected":false},"excerpt":{"rendered":"<p>Discover Our Hands Ros\u00e9, a bright new star in our constellation of Our Hands wines. Inspired by the success of our existing red range, this ros\u00e9 was conceived with a clear vision: to create a wine that is fruity, pleasant to taste, a source of pleasure and delightfully simple to enjoy. To bring it to life [...]<\/p>","protected":false},"featured_media":705,"comment_status":"open","ping_status":"closed","template":"","meta":[],"product_cat":[20],"product_tag":[],"class_list":{"0":"post-639","1":"product","2":"type-product","3":"status-publish","4":"has-post-thumbnail","6":"product_cat-non-classe","8":"first","9":"instock","10":"shipping-taxable","11":"product-type-simple"},"yoast_head":"<!-- This site is optimized with the Yoast SEO plugin v22.3 - https:\/\/yoast.com\/wordpress\/plugins\/seo\/ -->\n<title>Our Hands Ros\u00e9 - Ch\u00e2teau Fontbonne<\/title>\n<meta name=\"robots\" content=\"index, follow, max-snippet:-1, max-image-preview:large, max-video-preview:-1\" \/>\n<link rel=\"canonical\" href=\"https:\/\/chateau-fontbonne.fr\/en\/product\/our-hands-rose\/\" \/>\n<meta property=\"og:locale\" content=\"en_US\" \/>\n<meta property=\"og:type\" content=\"article\" \/>\n<meta property=\"og:title\" content=\"Our Hands Ros\u00e9 - Ch\u00e2teau Fontbonne\" \/>\n<meta property=\"og:description\" content=\"D\u00e9couvrez le Ros\u00e9 Our Hands, une nouvelle \u00e9toile brillante dans notre constellation de vins Our Hands. Inspir\u00e9 par le succ\u00e8s de notre gamme existante en rouge, ce ros\u00e9 a \u00e9t\u00e9 con\u00e7u avec une vision claire : cr\u00e9er un vin fruit\u00e9, agr\u00e9able \u00e0 d\u00e9guster, source de plaisir et d&rsquo;une simplicit\u00e9 r\u00e9jouissante \u00e0 appr\u00e9cier. Pour donner vie [&hellip;]\" \/>\n<meta property=\"og:url\" content=\"https:\/\/chateau-fontbonne.fr\/en\/product\/our-hands-rose\/\" \/>\n<meta property=\"og:site_name\" content=\"Ch\u00e2teau Fontbonne\" \/>\n<meta property=\"article:modified_time\" content=\"2024-01-24T18:36:09+00:00\" \/>\n<meta property=\"og:image\" content=\"https:\/\/chateau-fontbonne.fr\/wp-content\/uploads\/2024\/01\/20240123_113030-removebg-preview.png\" \/>\n\t<meta property=\"og:image:width\" content=\"175\" \/>\n\t<meta property=\"og:image:height\" content=\"526\" \/>\n\t<meta property=\"og:image:type\" content=\"image\/png\" \/>\n<meta name=\"twitter:card\" content=\"summary_large_image\" \/>\n<meta name=\"twitter:label1\" content=\"Est. reading time\" \/>\n\t<meta name=\"twitter:data1\" content=\"2 minutes\" \/>\n<script type=\"application\/ld+json\" class=\"yoast-schema-graph\">{\"@context\":\"https:\/\/schema.org\",\"@graph\":[{\"@type\":\"WebPage\",\"@id\":\"https:\/\/chateau-fontbonne.fr\/produit\/our-hands-rose\/\",\"url\":\"https:\/\/chateau-fontbonne.fr\/produit\/our-hands-rose\/\",\"name\":\"Our Hands Ros\u00e9 - Ch\u00e2teau Fontbonne\",\"isPartOf\":{\"@id\":\"https:\/\/chateau-fontbonne.fr\/#website\"},\"primaryImageOfPage\":{\"@id\":\"https:\/\/chateau-fontbonne.fr\/produit\/our-hands-rose\/#primaryimage\"},\"image\":{\"@id\":\"https:\/\/chateau-fontbonne.fr\/produit\/our-hands-rose\/#primaryimage\"},\"thumbnailUrl\":\"https:\/\/chateau-fontbonne.fr\/wp-content\/uploads\/2024\/01\/20240123_113030-removebg-preview.png\",\"datePublished\":\"2024-01-18T14:52:46+00:00\",\"dateModified\":\"2024-01-24T18:36:09+00:00\",\"breadcrumb\":{\"@id\":\"https:\/\/chateau-fontbonne.fr\/produit\/our-hands-rose\/#breadcrumb\"},\"inLanguage\":\"en-US\",\"potentialAction\":[{\"@type\":\"ReadAction\",\"target\":[\"https:\/\/chateau-fontbonne.fr\/produit\/our-hands-rose\/\"]}]},{\"@type\":\"ImageObject\",\"inLanguage\":\"en-US\",\"@id\":\"https:\/\/chateau-fontbonne.fr\/produit\/our-hands-rose\/#primaryimage\",\"url\":\"https:\/\/chateau-fontbonne.fr\/wp-content\/uploads\/2024\/01\/20240123_113030-removebg-preview.png\",\"contentUrl\":\"https:\/\/chateau-fontbonne.fr\/wp-content\/uploads\/2024\/01\/20240123_113030-removebg-preview.png\",\"width\":175,\"height\":526},{\"@type\":\"BreadcrumbList\",\"@id\":\"https:\/\/chateau-fontbonne.fr\/produit\/our-hands-rose\/#breadcrumb\",\"itemListElement\":[{\"@type\":\"ListItem\",\"position\":1,\"name\":\"Accueil\",\"item\":\"https:\/\/chateau-fontbonne.fr\/\"},{\"@type\":\"ListItem\",\"position\":2,\"name\":\"Nos vins\",\"item\":\"https:\/\/chateau-fontbonne.fr\/nos-vins\/\"},{\"@type\":\"ListItem\",\"position\":3,\"name\":\"Our Hands Ros\u00e9\"}]},{\"@type\":\"WebSite\",\"@id\":\"https:\/\/chateau-fontbonne.fr\/#website\",\"url\":\"https:\/\/chateau-fontbonne.fr\/\",\"name\":\"Ch\u00e2teau Fontbonne\",\"description\":\"\",\"potentialAction\":[{\"@type\":\"SearchAction\",\"target\":{\"@type\":\"EntryPoint\",\"urlTemplate\":\"https:\/\/chateau-fontbonne.fr\/?s={search_term_string}\"},\"query-input\":\"required name=search_term_string\"}],\"inLanguage\":\"en-US\"}]}<\/script>\n<!-- \/ Yoast SEO plugin. -->","yoast_head_json":{"title":"Our Hands Ros\u00e9 - Ch\u00e2teau Fontbonne","robots":{"index":"index","follow":"follow","max-snippet":"max-snippet:-1","max-image-preview":"max-image-preview:large","max-video-preview":"max-video-preview:-1"},"canonical":"https:\/\/chateau-fontbonne.fr\/en\/product\/our-hands-rose\/","og_locale":"en_US","og_type":"article","og_title":"Our Hands Ros\u00e9 - Ch\u00e2teau Fontbonne","og_description":"D\u00e9couvrez le Ros\u00e9 Our Hands, une nouvelle \u00e9toile brillante dans notre constellation de vins Our Hands. Inspir\u00e9 par le succ\u00e8s de notre gamme existante en rouge, ce ros\u00e9 a \u00e9t\u00e9 con\u00e7u avec une vision claire : cr\u00e9er un vin fruit\u00e9, agr\u00e9able \u00e0 d\u00e9guster, source de plaisir et d&rsquo;une simplicit\u00e9 r\u00e9jouissante \u00e0 appr\u00e9cier. Pour donner vie [&hellip;]","og_url":"https:\/\/chateau-fontbonne.fr\/en\/product\/our-hands-rose\/","og_site_name":"Ch\u00e2teau Fontbonne","article_modified_time":"2024-01-24T18:36:09+00:00","og_image":[{"width":175,"height":526,"url":"https:\/\/chateau-fontbonne.fr\/wp-content\/uploads\/2024\/01\/20240123_113030-removebg-preview.png","type":"image\/png"}],"twitter_card":"summary_large_image","twitter_misc":{"Est. reading time":"2 minutes"},"schema":{"@context":"https:\/\/schema.org","@graph":[{"@type":"WebPage","@id":"https:\/\/chateau-fontbonne.fr\/produit\/our-hands-rose\/","url":"https:\/\/chateau-fontbonne.fr\/produit\/our-hands-rose\/","name":"Our Hands Ros\u00e9 - Ch\u00e2teau Fontbonne","isPartOf":{"@id":"https:\/\/chateau-fontbonne.fr\/#website"},"primaryImageOfPage":{"@id":"https:\/\/chateau-fontbonne.fr\/produit\/our-hands-rose\/#primaryimage"},"image":{"@id":"https:\/\/chateau-fontbonne.fr\/produit\/our-hands-rose\/#primaryimage"},"thumbnailUrl":"https:\/\/chateau-fontbonne.fr\/wp-content\/uploads\/2024\/01\/20240123_113030-removebg-preview.png","datePublished":"2024-01-18T14:52:46+00:00","dateModified":"2024-01-24T18:36:09+00:00","breadcrumb":{"@id":"https:\/\/chateau-fontbonne.fr\/produit\/our-hands-rose\/#breadcrumb"},"inLanguage":"en-US","potentialAction":[{"@type":"ReadAction","target":["https:\/\/chateau-fontbonne.fr\/produit\/our-hands-rose\/"]}]},{"@type":"ImageObject","inLanguage":"en-US","@id":"https:\/\/chateau-fontbonne.fr\/produit\/our-hands-rose\/#primaryimage","url":"https:\/\/chateau-fontbonne.fr\/wp-content\/uploads\/2024\/01\/20240123_113030-removebg-preview.png","contentUrl":"https:\/\/chateau-fontbonne.fr\/wp-content\/uploads\/2024\/01\/20240123_113030-removebg-preview.png","width":175,"height":526},{"@type":"BreadcrumbList","@id":"https:\/\/chateau-fontbonne.fr\/produit\/our-hands-rose\/#breadcrumb","itemListElement":[{"@type":"ListItem","position":1,"name":"Accueil","item":"https:\/\/chateau-fontbonne.fr\/"},{"@type":"ListItem","position":2,"name":"Nos vins","item":"https:\/\/chateau-fontbonne.fr\/nos-vins\/"},{"@type":"ListItem","position":3,"name":"Our Hands Ros\u00e9"}]},{"@type":"WebSite","@id":"https:\/\/chateau-fontbonne.fr\/#website","url":"https:\/\/chateau-fontbonne.fr\/","name":"Ch\u00e2teau Fontbonne","description":"","potentialAction":[{"@type":"SearchAction","target":{"@type":"EntryPoint","urlTemplate":"https:\/\/chateau-fontbonne.fr\/?s={search_term_string}"},"query-input":"required name=search_term_string"}],"inLanguage":"en-US"}]}},"_links":{"self":[{"href":"https:\/\/chateau-fontbonne.fr\/en\/wp-json\/wp\/v2\/product\/639","targetHints":{"allow":["GET"]}}],"collection":[{"href":"https:\/\/chateau-fontbonne.fr\/en\/wp-json\/wp\/v2\/product"}],"about":[{"href":"https:\/\/chateau-fontbonne.fr\/en\/wp-json\/wp\/v2\/types\/product"}],"replies":[{"embeddable":true,"href":"https:\/\/chateau-fontbonne.fr\/en\/wp-json\/wp\/v2\/comments?post=639"}],"wp:featuredmedia":[{"embeddable":true,"href":"https:\/\/chateau-fontbonne.fr\/en\/wp-json\/wp\/v2\/media\/705"}],"wp:attachment":[{"href":"https:\/\/chateau-fontbonne.fr\/en\/wp-json\/wp\/v2\/media?parent=639"}],"wp:term":[{"taxonomy":"product_cat","embeddable":true,"href":"https:\/\/chateau-fontbonne.fr\/en\/wp-json\/wp\/v2\/product_cat?post=639"},{"taxonomy":"product_tag","embeddable":true,"href":"https:\/\/chateau-fontbonne.fr\/en\/wp-json\/wp\/v2\/product_tag?post=639"}],"curies":[{"name":"wp","href":"https:\/\/api.w.org\/{rel}","templated":true}]}}